{"id":11,"date":"2009-08-18T17:05:39","date_gmt":"2009-08-18T17:05:39","guid":{"rendered":"http:\/\/romanianimportexport.com\/?page_id=11"},"modified":"2016-12-30T20:11:52","modified_gmt":"2016-12-30T20:11:52","slug":"about-us","status":"publish","type":"page","link":"https:\/\/romanianimportexport.com\/index.php\/about-us\/","title":{"rendered":"Despre noi"},"content":{"rendered":"<p>Expediem colete \u00een majoritatea \u021b\u0103rilor europene, precum Austria, Belgia, Bulgaria, Belarus, Croa\u021bia, Republica Ceh\u0103, Danemarca, Estonia, Finlanda, Fran\u021ba, Germania, Grecia, Ungaria, Irlanda, Italia, Letonia, Lituania, Luxemburg, Moldova, Olanda, Norvegia, Polonia, Portugalia, Rom\u00e2nia, Rusia, Slovacia, Slovenia, Spania, Suedia, Elve\u021bia, Marea Britanie, Ucraina,<\/p>\n<p style=\"text-align: justify;\"><span style=\"color: #3366ff;\"><strong>Romanian\u00a0 American Import Export<\/strong> <\/span>a luat nastere in anul 1992 ca un raspuns la dorinta romanilor din\u00a0Statele unite ale Americii\u00a0de a trimite colete <em>in Romania <\/em>. <strong>Din 1992 pana in prezent firma <em>Romanian American Import Expor<\/em>t\u00a0\u00a0este lider pe\u00a0piata\u00a0metropolei Chicago atat <em>pentru curierat express international terestru cat\u00a0si maritim<\/em>.<\/strong><\/p>\n<p style=\"text-align: justify;\"><span style=\"color: #3366ff;\">Romanian\u00a0 American Import Export <\/span>va ofera o gama completa de solutii personalizate, de la expedieri express de\u00a0colete, pachete sau containere exclusiv dedicate pana la transport de masini si repatrieri din America in Europa, inclusiv Romania. Firma <span style=\"color: #a90704;\"><em>Romanian <span style=\"color: #a90704;\">American <\/span>Import Export<\/em> <\/span>beneficiaza de cuno\u015ftin\u0163e locale, europene si americane \u2013 un avantaj competitiv important \u2013 combinand transportul terestru feroviar si rutier cu cel\u00a0naval pentru performan\u0163e optime de livrare a pachetelor. Pe de o parte, oferim\u00a0o acoperire internationala, pe de alta, o prezen\u0163\u0103 local\u0103 puternic\u0103 \u015fi o \u00een\u0163elegere unic\u0103 a pietelor \u015fi a clien\u0163ilor locali, cunostinte\u00a0acumulate in ani de munca dedicati satisfacerii clientilor.In prezent oferim o gam\u0103 larga de servicii standard de transport dar si\u00a0solutii industriale personalizate,\u00a0transport international\u00a0masini sau orice volum al solicitarilor pentru colete sau containere.<\/p>\n<p style=\"text-align: justify;\">Cu peste 10.000 de clienti, re\u0163eaua interna\u0163ionala\u00a0 <span style=\"color: #a90704;\"><em><strong>Romanian <span style=\"color: #a90704;\"><em>American <\/em><\/span>Import Export<\/strong><\/em> <\/span>leaga peste 3 tari si teritorii din Europa cu America<strong>.\u00a0Peste\u00a020 de angaja\u0163i care se dedica furnizarii de servicii rapide \u015fi fiabile care depasesc asteptarile clientilor in toate judetele din Romania.<\/strong> Misiunea noastra este satisfacerea clientului iar asta presupune un curierat rapid si\u00a0in maxima siguranta ajuns la destinatie <strong>!<\/strong><\/p>\n<p style=\"text-align: justify;\"><span style=\"color: #000209;\"><em><strong>Romanian American Import Export <\/strong><\/em><\/span><\/p>\n<p style=\"text-align: justify;\"><strong>Address:<\/p>\n<p>3354 W Bryn Mawr Ave, Chicago, IL 60659<\/strong><\/p>\n<p style=\"text-align: justify;\"><strong> Office &#8211; \u00a0 \u00a0 \u00a0 \u00a0773-465-8695<\/strong><\/p>\n<p style=\"text-align: justify;\"><span style=\"font-weight: bold; text-align: justify;\">http:\/\/www.romanianimportexport.com\/<\/span><\/p>\n<p><strong> <\/strong><strong> <\/strong><\/p>\n<div>\n<p><strong>E-mail: romanianimportexport@aol.com<\/strong><\/p>\n<p><strong><\/p>\n<p><\/strong><\/div>\n<p><a href=\"http:\/\/romanianimportexport.com\"><\/a><\/p>\n<p><iframe src=\"\/\/www.facebook.com\/plugins\/follow?href=https%3A%2F%2Fwww.facebook.com%2Fprofile.php%3Fid%3D100004372210710&amp;layout=standard&amp;show_faces=true&amp;colorscheme=light&amp;width=450&amp;height=80\" scrolling=\"no\" frameborder=\"0\" style=\"border:none; overflow:hidden; width:450px; height:80px;\" allowTransparency=\"true\"><\/iframe><\/p>\n","protected":false},"excerpt":{"rendered":"<p>Expediem colete \u00een majoritatea \u021b\u0103rilor europene, precum Austria, Belgia, Bulgaria, Belarus, Croa\u021bia, Republica Ceh\u0103, Danemarca, Estonia, Finlanda, Fran\u021ba, Germania, Grecia, Ungaria, Irlanda, Italia, Letonia, Lituania, Luxemburg, Moldova, Olanda, Norvegia, Polonia, Portugalia, Rom\u00e2nia, Rusia, Slovacia, Slovenia, Spania, Suedia, Elve\u021bia, Marea Britanie, Ucraina,<br \/>\nRomanian\u00a0 American Import Export a luat nastere in anul 1992 ca un raspuns la dorinta romanilor din\u00a0Statele unite ale Americii\u00a0de a trimite colete in Romania . Din 1992 pana in prezent firma Romanian American Import Export\u00a0\u00a0este lider pe\u00a0piata\u00a0metropolei Chicago atat pentru curierat express international terestru cat\u00a0si maritim.<br \/>\nRomanian\u00a0 American Import Export &#8230;<\/p>\n","protected":false},"author":1,"featured_media":0,"parent":0,"menu_order":0,"comment_status":"closed","ping_status":"closed","template":"","meta":[],"_links":{"self":[{"href":"https:\/\/romanianimportexport.com\/index.php\/wp-json\/wp\/v2\/pages\/11"}],"collection":[{"href":"https:\/\/romanianimportexport.com\/index.php\/wp-json\/wp\/v2\/pages"}],"about":[{"href":"https:\/\/romanianimportexport.com\/index.php\/wp-json\/wp\/v2\/types\/page"}],"author":[{"embeddable":true,"href":"https:\/\/romanianimportexport.com\/index.php\/wp-json\/wp\/v2\/users\/1"}],"replies":[{"embeddable":true,"href":"https:\/\/romanianimportexport.com\/index.php\/wp-json\/wp\/v2\/comments?post=11"}],"version-history":[{"count":24,"href":"https:\/\/romanianimportexport.com\/index.php\/wp-json\/wp\/v2\/pages\/11\/revisions"}],"predecessor-version":[{"id":606,"href":"https:\/\/romanianimportexport.com\/index.php\/wp-json\/wp\/v2\/pages\/11\/revisions\/606"}],"wp:attachment":[{"href":"https:\/\/romanianimportexport.com\/index.php\/wp-json\/wp\/v2\/media?parent=11"}],"curies":[{"name":"wp","href":"https:\/\/api.w.org\/{rel}","templated":true}]}}