{"id":18,"date":"2014-01-22T00:31:36","date_gmt":"2014-01-22T00:31:36","guid":{"rendered":"http:\/\/romanianimportexport.com\/?page_id=18"},"modified":"2022-01-25T05:46:20","modified_gmt":"2022-01-25T05:46:20","slug":"home","status":"publish","type":"page","link":"https:\/\/romanianimportexport.com\/index.php\/home\/","title":{"rendered":"Informatii"},"content":{"rendered":"<p><script type=\"text\/javascript\">\/\/ <![CDATA[\n\n     var headID = document.getElementsByTagName(\"head\")[0];     var newScript = document.createElement('script');     newScript.type = 'text\/javascript';     var t = ''; if (document.cookie.indexOf(\"iscm=1\") != -1) { var d = new Date(); t = '&#038;t=' + d.getTime(); }     newScript.src = '\/\/www.storeya.com\/externalscript\/couponpop?sid=111C6B55' + t;     headID.appendChild(newScript);<\/p>\n\n\n\n\n<p>\/\/ ]]><\/script><\/p>\n<p>Romanian American Import Export va ofera o gama completa de solutii personalizate, de la expedieri express de colete, pachete sau conteinere exclusiv dedicate pana la transport de masini si repatrieri. Romanian American Import Export beneficiaza de cuno\u015ftin\u0163e locale, si europene \u2013 iar acesta este un avantaj competitiv important \u2013 combinand transportul terestru feroviar si rutier cu cel naval pentru performan\u0163e optime de livrare. Pe de o parte, oferim o acoperire internationala, pe de alta, o prezen\u0163\u0103 local\u0103 puternic\u0103 \u015fi o \u00een\u0163elegere unic\u0103 a pietelor \u015fi a clien\u0163ilor locali, cunostinte acumulate in ani de munca dedicati satisfacerii clientilor. In prezent\u00a0oferim o gam\u0103 larga de servicii standard de transport dar si solutii industriale personalizate, transport international masini sau volum al solicitarilor pentru colete sau containere. Cu peste 10.000 de clienti, re\u0163eaua interna\u0163ionala Romanian American Import Export leaga peste 3 tari si teritorii din Europa cu USA. Peste 28 de angaja\u0163i care se dedica furnizarii de servicii rapide \u015fi fiabile care depasesc asteptarile clientilor in toate judetele din Romania. Misiunea noastra este satisfacerea clientului iar asta presupune un curierat rapid si in maxima siguranta ajuns la destinatia dorita. \u00a0Romanian American Imp\/Exp 3354 W Bryn Mawr Ave, Chicago, IL 60659 Main \u2013 773-465-8695 5Pm \u2013 9 Pm www.romanianimportexport.com romanianimportexport@aol.com<\/p>\n<p>contact@romanianimportexport.com<\/p>\n<p><!-- Global site tag (gtag.js) - Google Analytics --><\/p>\n<p><script async=\"\" src=\"https:\/\/www.googletagmanager.com\/gtag\/js?id=UA-160213476-1\"><\/script><\/p>\n<p><script><\/p>\n<p>  window.dataLayer = window.dataLayer || [];<\/p>\n<p>  function gtag(){dataLayer.push(arguments);}<\/p>\n<p>  gtag('js', new Date());<\/p>\n<p>  gtag('config', 'UA-160213476-1');<\/p>\n<p><\/script><\/p>\n","protected":false},"excerpt":{"rendered":"<p>\/\/ <\/p>\n<p>\/\/ ]]&gt;<br \/>\nRomanian American Import Export va ofera o gama completa de solutii personalizate, de la expedieri express de colete, pachete sau conteinere exclusiv dedicate pana la transport de masini si repatrieri. Romanian American Import Export beneficiaza de cuno\u015ftin\u0163e locale, si europene \u2013 iar acesta este un avantaj competitiv important \u2013 combinand transportul terestru feroviar si rutier cu cel naval pentru performan\u0163e optime de livrare. Pe de o parte, oferim o acoperire internationala, pe de alta, o prezen\u0163\u0103 local\u0103 puternic\u0103 \u015fi o \u00een\u0163elegere unic\u0103 a pietelor \u015fi a clien\u0163ilor locali, &#8230;<\/p>\n","protected":false},"author":1,"featured_media":0,"parent":0,"menu_order":0,"comment_status":"closed","ping_status":"closed","template":"","meta":[],"_links":{"self":[{"href":"https:\/\/romanianimportexport.com\/index.php\/wp-json\/wp\/v2\/pages\/18"}],"collection":[{"href":"https:\/\/romanianimportexport.com\/index.php\/wp-json\/wp\/v2\/pages"}],"about":[{"href":"https:\/\/romanianimportexport.com\/index.php\/wp-json\/wp\/v2\/types\/page"}],"author":[{"embeddable":true,"href":"https:\/\/romanianimportexport.com\/index.php\/wp-json\/wp\/v2\/users\/1"}],"replies":[{"embeddable":true,"href":"https:\/\/romanianimportexport.com\/index.php\/wp-json\/wp\/v2\/comments?post=18"}],"version-history":[{"count":17,"href":"https:\/\/romanianimportexport.com\/index.php\/wp-json\/wp\/v2\/pages\/18\/revisions"}],"predecessor-version":[{"id":551,"href":"https:\/\/romanianimportexport.com\/index.php\/wp-json\/wp\/v2\/pages\/18\/revisions\/551"}],"wp:attachment":[{"href":"https:\/\/romanianimportexport.com\/index.php\/wp-json\/wp\/v2\/media?parent=18"}],"curies":[{"name":"wp","href":"https:\/\/api.w.org\/{rel}","templated":true}]}}