{"id":26,"date":"2009-08-18T18:13:19","date_gmt":"2009-08-18T18:13:19","guid":{"rendered":"http:\/\/romanianimportexport.com\/?page_id=26"},"modified":"2012-09-15T00:06:01","modified_gmt":"2012-09-15T00:06:01","slug":"services","status":"publish","type":"page","link":"https:\/\/romanianimportexport.com\/index.php\/services\/","title":{"rendered":"Servicii"},"content":{"rendered":"<p><strong>Romanian American Import Export<\/strong> va ofera:<\/p>\n<ul>\n<li>Servicii postale personale din Statele Unite ale Americii \u00een Rom\u00e2nia<\/li>\n<li>Pachete, colete si containere\u00a0expediate din SUA \u00een Rom\u00e2nia<\/li>\n<li>Servicii de transport de marfa internationale\u00a0din America \u00een Europa, inclusiv Romania.<\/li>\n<li>Livrare din usa in usa cu tarife competitive<\/li>\n<li>Curierat rapid international<\/li>\n<li>Si orice tip de marfa ce s-ar dori transportata, precum: masini, barci, ATV-uri, RV, bunuri de uz casnic, containere si mobilier de marf\u0103, bunuri comerciale, animale \u015fi produse alimentare, transport de marf\u0103 grea, motociclete, camioane, autobuze \u015fi mult mai mult<\/li>\n<\/ul>\n<p style=\"TEXT-ALIGN: justify\"><strong><span style=\"COLOR: #3366ff\">Romanian\u00a0 American Import Export <\/span><\/strong> va ofera\u00a0<strong>ESTIMARI GRATUITE <\/strong> indiferent de volumul pachetului sau containerului. <strong>Gratuit<\/strong> <strong>venim la dumneavoastra acasa<\/strong> si va evaluam pachetul dandu-va cele mai bune solutii din punct de vedere financiar si al duratei de transport din America pana in Romania sau Europa. Trebuie doar sa ne sunati la <span style=\"color: #ff0000;\">773-465-8695 <\/span><span style=\"COLOR: #800000\"><strong> <\/strong><\/span>si ne specificati adresa dvs.<\/p>\n<h3 style=\"text-align: justify;\"><span style=\"color: #17779f;\">Pentru colete mari facem si reduceri de pret !!! Si cine nu doreste sa economiseasca bani atunci cand trimite colete sau containere in Romania?!<\/span><\/h3>\n<p style=\"TEXT-ALIGN: justify\"><strong><span style=\"COLOR: #3366ff\">Romanian\u00a0 American Import Export <\/span><\/strong>va trimite din <strong>America in Romania<\/strong> sau in Europa cu u\u015furin\u0163\u0103 si in siguranta <strong>marfuri de uz casnic, containere\u00a0si cargo mobilier, marfa comerciala, animale si mancare, <\/strong><strong>marf\u0103 grea, motociclete, automobile, camioane, autobuze,\u00a0barci <\/strong>\u015fi mult mai mult! indiferent de volum !<\/p>\n<p><strong><span style=\"font-size: 16px;\"> <span style=\"color: #ff0000;\">IT IS PROHIBITED TO SHIPP<\/span>: Explosives, Flammables, Weapons and Ammunitions, Illegal Drugs and Any Other Items Banned by Law.<\/span><\/strong><\/p>\n<p><span style=\"color: #ff0000; font-size: small;\"><strong> <\/strong><\/span><\/p>\n<div style=\"font-family: Arial; font-weight: bold; line-height: normal; background-color: #ff0000; font-size: medium; text-align: center; color: #ffff00;\"><span style=\"color: #ff0000; font-size: small;\"><strong><span style=\"font-size: small;\">WARNING!<\/p>\n<p><\/span><\/strong><\/span><\/div>\n<div style=\"color: #ffffff; font-family: Arial; font-weight: bold; line-height: normal; background-color: #ff0000; font-size: medium; text-align: center;\"><span style=\"color: #ff0000; font-size: small;\"><strong><span style=\"font-size: small;\"><span style=\"color: #ffff00;\">DANGEROUS GOODS<\/span><\/span><\/strong><\/span><\/div>\n<div style=\"color: #ffffff; font-family: Arial; font-weight: bold; line-height: normal; background-color: #ff0000; font-size: medium; text-align: center;\"><span style=\"color: #ff0000; font-size: small;\"><strong><span style=\"font-size: x-small;\">Alcohol, Perfume, Spray, Flamables, Explosive, Batteries, etc.<\/span><\/strong><\/span><\/div>\n<div style=\"color: #ffffff; font-family: Arial; font-weight: bold; line-height: normal; background-color: #ff0000; font-size: medium; text-align: center;\"><span style=\"color: #ff0000; font-size: small;\"><strong><span style=\"font-size: small;\">ARE PROHIBITED<\/span><\/strong><\/span><\/div>\n<div style=\"color: #ffffff; font-family: Arial; font-weight: bold; line-height: normal; background-color: #ff0000; font-size: medium; text-align: center;\"><span style=\"color: #ff0000; font-size: small;\"><strong><span style=\"font-size: x-small;\">The client is the only one responsible for the content of parcel &amp; inventory accuracy<\/p>\n<p><\/span><\/strong><\/span><\/div>\n<div style=\"color: #ffffff; font-family: Arial; font-weight: bold; line-height: normal; background-color: #ff0000; font-size: medium; text-align: center;\"><span style=\"color: #ff0000; font-size: small;\"><strong><span style=\"font-style: italic; font-size: x-small;\">Signature Mandatory<\/span><\/strong><\/span><\/div>\n<div style=\"font-family: Arial; line-height: normal; font-size: medium; text-align: center; font-weight: bold;\"><span style=\"color: #ff0000; font-size: small;\"><strong><span style=\"font-size: small;\"><span style=\"color: #ff00ff;\">THE PARCELS CAN NOT BE ACCEPTED WITHOUT AN ITEMIZED INVENTORY.<\/span><\/span><\/strong><\/span><\/div>\n<div style=\"font-family: Arial; line-height: normal; font-size: medium; text-align: center; font-weight: bold;\"><strong><span style=\"font-size: small;\"><span style=\"color: #ff00ff;\"><\/p>\n<p style=\"display: inline !important;\"><span style=\"font-size: small;\"><span style=\"font-size: 16px;\"><strong><span style=\"color: #ff0000;\">We Do Not Recommend sending Original Documents, Jewelry, Special Medication,<\/span><\/strong><\/span><\/span><\/p>\n<p><\/span><\/span><\/strong><strong> <\/strong><span style=\"font-family: Arial; font-weight: bold; line-height: normal; font-size: 16px; color: #cc0000;\">\u2022<\/span><span style=\"font-family: Arial; font-weight: bold; line-height: normal; font-size: medium; color: #ff00ff;\"> <\/span><strong>The Sender is Responsible<\/strong><span style=\"font-family: Arial; font-weight: bold; line-height: normal; font-size: medium; color: #ff00ff;\"> to comply with all Customs Regulations, both in USA and the country of destination;<\/span><span style=\"font-family: Arial; font-weight: bold; line-height: normal; font-size: 16px; color: #cc0000;\">\u2022<\/span><span><span style=\"font-family: Arial; color: #ff00ff; font-size: small;\"><span style=\"line-height: normal;\"><strong> All\u00a0shipments\u00a0must be prepaid unless other arrangements have been made.<\/strong><\/span><\/span><\/span><span style=\"font-family: Arial; font-weight: bold; line-height: normal; font-size: 16px; color: #cc0000;\">\u2022<\/span><span style=\"font-family: Arial; font-weight: bold; line-height: normal; font-size: medium; color: #ff00ff;\"> The Customer is the only one Responsible for the Content of the Shipped parcels and for the Customs Declaration<\/span><\/div>\n<div style=\"font-family: Arial; line-height: normal; font-size: medium; text-align: center;\"><span style=\"color: #3366ff; font-size: x-small;\"><strong><\/p>\n<p><\/strong><\/span><\/div>\n<div style=\"font-family: Arial; line-height: normal; font-size: medium; text-align: center;\"><span style=\"color: #ff0000; font-size: x-small;\"><strong><\/p>\n<p><\/strong><\/span><\/div>\n","protected":false},"excerpt":{"rendered":"<p>Romanian American Import Export va ofera:<\/p>\n<p>Servicii postale personale din Statele Unite ale Americii \u00een Rom\u00e2nia<br \/>\nPachete, colete si containere\u00a0expediate din SUA \u00een Rom\u00e2nia<br \/>\nServicii de transport de marfa internationale\u00a0din America \u00een Europa, inclusiv Romania.<br \/>\nLivrare din usa in usa cu tarife competitive<br \/>\nCurierat rapid international<br \/>\nSi orice tip de marfa ce s-ar dori transportata, precum: masini, barci, ATV-uri, RV, bunuri de uz casnic, containere si mobilier de marf\u0103, bunuri comerciale, animale \u015fi produse alimentare, transport de marf\u0103 grea, motociclete, camioane, autobuze \u015fi mult mai mult<\/p>\n<p>Romanian\u00a0 American Import Export  va ofera\u00a0ESTIMARI GRATUITE  indiferent de &#8230;<\/p>\n","protected":false},"author":1,"featured_media":0,"parent":0,"menu_order":0,"comment_status":"closed","ping_status":"closed","template":"","meta":[],"_links":{"self":[{"href":"https:\/\/romanianimportexport.com\/index.php\/wp-json\/wp\/v2\/pages\/26"}],"collection":[{"href":"https:\/\/romanianimportexport.com\/index.php\/wp-json\/wp\/v2\/pages"}],"about":[{"href":"https:\/\/romanianimportexport.com\/index.php\/wp-json\/wp\/v2\/types\/page"}],"author":[{"embeddable":true,"href":"https:\/\/romanianimportexport.com\/index.php\/wp-json\/wp\/v2\/users\/1"}],"replies":[{"embeddable":true,"href":"https:\/\/romanianimportexport.com\/index.php\/wp-json\/wp\/v2\/comments?post=26"}],"version-history":[{"count":13,"href":"https:\/\/romanianimportexport.com\/index.php\/wp-json\/wp\/v2\/pages\/26\/revisions"}],"predecessor-version":[{"id":73,"href":"https:\/\/romanianimportexport.com\/index.php\/wp-json\/wp\/v2\/pages\/26\/revisions\/73"}],"wp:attachment":[{"href":"https:\/\/romanianimportexport.com\/index.php\/wp-json\/wp\/v2\/media?parent=26"}],"curies":[{"name":"wp","href":"https:\/\/api.w.org\/{rel}","templated":true}]}}