{"id":396,"date":"2015-03-12T00:44:15","date_gmt":"2015-03-12T00:44:15","guid":{"rendered":"http:\/\/www.romanianimportexport.com\/?page_id=396"},"modified":"2020-02-24T16:42:03","modified_gmt":"2020-02-24T16:42:03","slug":"send-a-package-from-usa-to-austria-belgium-bulgaria-belorussia-croatia-czech-republic-denmark-estonia-finland-france-germany-greece","status":"publish","type":"page","link":"https:\/\/romanianimportexport.com\/index.php\/send-a-package-from-usa-to-austria-belgium-bulgaria-belorussia-croatia-czech-republic-denmark-estonia-finland-france-germany-greece\/","title":{"rendered":"Trimite Pachete din SUA in Europa"},"content":{"rendered":"<p>ROMANIAN AMERICAN IMPORT EXPORT ofer\u0103 o gam\u0103 larg\u0103 de transporturi comerciale \u0219i personale din SUA c\u0103tre ROM\u00c2NIA \u0219i alte \u021b\u0103ri europene, prin maritim sau aerian, folosind colete sau containere de transport maritim. Noi oferim o livrare direct la casele destinatarilor<\/p>\n<p>Expediem colete \u00een majoritatea \u021b\u0103rilor europene, precum Austria, Belgia, Bulgaria, Belarus, Croa\u021bia, Republica Ceh\u0103, Danemarca, Estonia, Finlanda, Fran\u021ba, Germania, Grecia, Ungaria, Irlanda, Italia, Letonia, Lituania, Luxemburg, Moldova, Olanda, Norvegia, Polonia, Portugalia, Rom\u00e2nia, Rusia, Serbia, Slovacia, Slovenia, Spania, Suedia, Elve\u021bia, Marea Britanie, Ucraina,<\/p>\n<p>Pute\u021bi trimite un colet standard (\u00een greutate) sau o parcel\u0103 metric (de dimensiuni) de la una dintre locatiile noastre din SUA.<\/p>\n<p>Doar aduce coletul preg\u0103tit la cea mai apropiat\u0103 loca\u021bie.<\/p>\n<p>Pentru clientii care nu pot accesa locatiile noastre u\u0219or, oferim o solu\u021bie alternativ\u0103.<\/p>\n<p>Pentru clientii care nu pot accesa loca\u021biile noastre din SUA u\u0219or, oferim o solu\u021bie alternativ\u0103. Pute\u021bi expedia \u00eentotdeauna parcel\u0103 la loca\u021bia noastr\u0103 principal\u0103 situat \u00een Chicago prin USPS (Statele Unite Postal Service), UPS (United Parcel Service) sau FedEx (Federal Express) si va transmite la destina\u021bie dorit\u0103.<\/p>\n<p>Pentru a expedia la sediul nostru direct de pe site-ul nostru, v\u0103 rug\u0103m s\u0103 urma\u021bi pa\u0219ii:<\/p>\n<p>Utiliza\u021bi o cutie de preferin\u021b\u0103 nou rigid, h\u00e2rtie. Alege o putere cutie care este potrivit pentru con\u021binutul pe care de transport maritim. Dac\u0103 nu exist\u0103 nici un spa\u021biu gol \u00eentre con\u021binutul dumneavoastr\u0103 \u0219i pere\u021bi de colet\u0103rie, v\u0103 rug\u0103m s\u0103 folosi\u021bi material de amortizare corespunz\u0103toare, cum ar fi h\u00e2rtia, folie cu bule sau polistiren, pentru a preveni con\u021binutul de mi\u0219care \u0219i pentru a asigura o protec\u021bie suficient\u0103. Asigura\u021bi-v\u0103 c\u0103 con\u021binutul nu se misca atunci cand se agit\u0103 recipientul.<\/p>\n<p>\u00cenchiderea corect\u0103 a parcelei dvs. este important. Pentru a \u00eenchide o caset\u0103 de siguran\u021b\u0103, utiliza\u021bi o band\u0103 puternic\u0103 \u0219i pune-l pe col\u021burile parcelelor pentru a asigura siguran\u021ba \u0219i securitatea expedierii.<\/p>\n<p>Etichetare corect\u0103 este esen\u021bial\u0103 pentru a asigura livrarea rapid\u0103 \u0219i eficient\u0103. Pe o suprafa\u021b\u0103 de la cutie, \u00een col\u021bul din st\u00e2nga sus va rugam sa scrie numele complet al expeditorului, adresa de cod postal si numarul de telefon.<\/p>\n<p>\u00cen centru, sub numele complet al expeditorului adresa locul destinatarului, adresa cu codul po\u0219tal \u0219i num\u0103rul de telefon cu prefixul.<\/p>\n<p>TRIMITE un pachet din SUA LA: Austria, Belgia, Bulgaria, Belarus, Croa\u021bia, Republica Ceh\u0103, Danemarca, Estonia, Finlanda, Fran\u021ba, Germania, Grecia, Ungaria, Irlanda, Italia, Letonia, Lituania, Luxemburg, Moldova, Olanda, Norvegia, Polonia, Portugalia, Rom\u00e2nia, Rusia, Slovacia,Serbia, Slovenia, Spania, Suedia, Elve\u021bia, Marea Britanie, Ucraina,<\/p>\n<p>Rugam sa ne contactati pentru orice informatie<\/p>\n<p>romanianimportexport@aol.com<\/p>\n<p>SEND A PACKAGE FROM US TO:  Austria, Belgium, Bulgaria, Belorussia, Croatia, Czech Republic, Denmark, Estonia, Finland, France, Germany, Greece,  Hungary, Ireland, Italy, Latvia, Lithuania, Luxembourg, Moldova,  Netherlands, Norway, Poland, Portugal, Romania, Russia, Serbia, Slovakia, Slovenia, Spain, Sweden, Switzerland, United Kingdom, Ukraine,<\/p>\n","protected":false},"excerpt":{"rendered":"<p>ROMANIAN AMERICAN IMPORT EXPORT ofer\u0103 o gam\u0103 larg\u0103 de transporturi comerciale \u0219i personale din SUA c\u0103tre ROM\u00c2NIA \u0219i alte \u021b\u0103ri europene, prin maritim sau aerian, folosind colete sau containere de transport maritim. Noi oferim o livrare direct la casele destinatarilor<br \/>\nExpediem colete \u00een majoritatea \u021b\u0103rilor europene, precum Austria, Belgia, Bulgaria, Belarus, Croa\u021bia, Republica Ceh\u0103, Danemarca, Estonia, Finlanda, Fran\u021ba, Germania, Grecia, Ungaria, Irlanda, Italia, Letonia, Lituania, Luxemburg, Moldova, Olanda, Norvegia, Polonia, Portugalia, Rom\u00e2nia, Rusia, Serbia, Slovacia, Slovenia, Spania, Suedia, Elve\u021bia, Marea Britanie, Ucraina,<br \/>\nPute\u021bi trimite un colet standard (\u00een greutate) sau o parcel\u0103 &#8230;<\/p>\n","protected":false},"author":2,"featured_media":0,"parent":0,"menu_order":0,"comment_status":"closed","ping_status":"closed","template":"","meta":[],"_links":{"self":[{"href":"https:\/\/romanianimportexport.com\/index.php\/wp-json\/wp\/v2\/pages\/396"}],"collection":[{"href":"https:\/\/romanianimportexport.com\/index.php\/wp-json\/wp\/v2\/pages"}],"about":[{"href":"https:\/\/romanianimportexport.com\/index.php\/wp-json\/wp\/v2\/types\/page"}],"author":[{"embeddable":true,"href":"https:\/\/romanianimportexport.com\/index.php\/wp-json\/wp\/v2\/users\/2"}],"replies":[{"embeddable":true,"href":"https:\/\/romanianimportexport.com\/index.php\/wp-json\/wp\/v2\/comments?post=396"}],"version-history":[{"count":15,"href":"https:\/\/romanianimportexport.com\/index.php\/wp-json\/wp\/v2\/pages\/396\/revisions"}],"predecessor-version":[{"id":475,"href":"https:\/\/romanianimportexport.com\/index.php\/wp-json\/wp\/v2\/pages\/396\/revisions\/475"}],"wp:attachment":[{"href":"https:\/\/romanianimportexport.com\/index.php\/wp-json\/wp\/v2\/media?parent=396"}],"curies":[{"name":"wp","href":"https:\/\/api.w.org\/{rel}","templated":true}]}}