{"id":410,"date":"2015-05-28T14:38:02","date_gmt":"2015-05-28T14:38:02","guid":{"rendered":"http:\/\/www.romanianimportexport.com\/?page_id=410"},"modified":"2015-05-28T14:42:35","modified_gmt":"2015-05-28T14:42:35","slug":"transport-container-oriunde-in-lume","status":"publish","type":"page","link":"https:\/\/romanianimportexport.com\/index.php\/transport-container-oriunde-in-lume\/","title":{"rendered":"TRANSPORT CONTAINER ORIUNDE IN LUME"},"content":{"rendered":"<p>Avem peste 25 de ani de experienta containere de transport maritim \u00een Europa \u0219i \u00een \u00eentreaga lume. Suntem o companie de transport interna\u021bional<\/p>\n<p>Cu linii de transport maritim de transport maritim companie de navigatie pentru toate cluburile din \u021b\u0103rile de coast\u0103 din Europa. Produse variaz\u0103 de la transport maritim bunuri de consum,<\/p>\n<p>Produse de capital, Foods<\/p>\n<p>Fluxuri \u0219i b\u0103uturi, Consumabile industriale si materiale, iar Automobile Vehicule (Autoturisme, Piese de schimb, si Motoare). Aceast\u0103 pagin\u0103 web Asigura<\/p>\n<p>Cele mai relevante informa\u021bii pentru a navei un recipient \u00een Europa pentru At\u00e2t compania trimiterea containerului \u0219i compania<\/p>\n<p>primirea recipientului. D\u00e2nd o estimare pentru transport maritim de containere \u00een Europa este simplu; ajut\u00e2nd afacerea dvs. ra\u021bionalizarea<\/p>\n<p>\u00cen cazul \u00een care este container proces de transport maritim ne separa de concurs. Vom trimite \u0219oferul nostru cu un camion gol<\/p>\n<p>container oriunde se afla produsul. \u0218oferul camionului va a\u0219tepta p\u00e2n\u0103 recipientul este umplut. Odat\u0103 ce complet, camionagiu nostru va<\/p>\n<p>conduce la docuri de transport maritim \u0219i containerul vor fi \u00eenc\u0103rcate pe nav\u0103 \u0219i capul la final destina\u021bie STI. Toate informa\u021biile pentru<\/p>\n<p>urm\u0103rire container dvs., dac\u0103 se solicit\u0103, vor fi furnizate. Acest lucru va men\u021bine receptor fericit.<\/p>\n<p>Cu experienta noastra a ajuta companiile din \u00eentreaga lume containere EXTENSIVE nave \u00een Europa \u0219i \u00een \u00eentreaga lume, \u0219tim c\u0103<\/p>\n<p>expeditor \u0219i \/ sau cump\u0103r\u0103torul nu poate \u0219ti ce fel de container se potrive\u0219te nevoilor lor.<\/p>\n<p><Img src = \"http:\/\/www.romanianimportexport.com\/wp-content\/uploads\/2015\/05\/dimensions.jpg\" alt = \"dimensiuni\" title = \"dimensiuni\" width = \"550\" height = \"335\" de clas\u0103 = \"alignright full-size wp-image-411\" \/><\/p>\n<p>Acest lucru va ajuta departamentul de transport maritim s\u0103 \u0219tiu dac\u0103 s\u0103 foloseasc\u0103 20ft, 40ft, 40ft HC container (High containere). Imaginea dvs.<\/p>\n<p>Ilustreaz\u0103 diferen\u021ba \u00een\u0103l\u021bime l\u0103sat \u00eentre un recipient 40ft \u0219i 40ft HC. Ne ajuta multe companii, mici \u0219i mari,<\/p>\n<p>containere de export din SUA c\u0103tre Europa \u0219i oriunde \u00een lume m\u0103rimi containere cele mai frecvente sunt 20FT container 40FT HC<\/p>\n<p>V\u0103 rug\u0103m s\u0103 trimite\u021bi pentru mai multe informatii<\/p>\n<p>romanianimportexport@aol.com<\/p>\n","protected":false},"excerpt":{"rendered":"<p>Avem peste 25 de ani de experienta containere de transport maritim \u00een Europa \u0219i \u00een \u00eentreaga lume. Suntem o companie de transport interna\u021bional<br \/>\nCu linii de transport maritim de transport maritim companie de navigatie pentru toate cluburile din \u021b\u0103rile de coast\u0103 din Europa. Produse variaz\u0103 de la transport maritim bunuri de consum,<br \/>\nProduse de capital, Foods<br \/>\nFluxuri \u0219i b\u0103uturi, Consumabile industriale si materiale, iar Automobile Vehicule (Autoturisme, Piese de schimb, si Motoare). Aceast\u0103 pagin\u0103 web Asigura<br \/>\nCele mai relevante informa\u021bii pentru a navei un recipient \u00een Europa pentru At\u00e2t compania trimiterea containerului \u0219i compania<br \/>\nprimirea &#8230;<\/p>\n","protected":false},"author":2,"featured_media":0,"parent":0,"menu_order":0,"comment_status":"closed","ping_status":"closed","template":"","meta":[],"_links":{"self":[{"href":"https:\/\/romanianimportexport.com\/index.php\/wp-json\/wp\/v2\/pages\/410"}],"collection":[{"href":"https:\/\/romanianimportexport.com\/index.php\/wp-json\/wp\/v2\/pages"}],"about":[{"href":"https:\/\/romanianimportexport.com\/index.php\/wp-json\/wp\/v2\/types\/page"}],"author":[{"embeddable":true,"href":"https:\/\/romanianimportexport.com\/index.php\/wp-json\/wp\/v2\/users\/2"}],"replies":[{"embeddable":true,"href":"https:\/\/romanianimportexport.com\/index.php\/wp-json\/wp\/v2\/comments?post=410"}],"version-history":[{"count":5,"href":"https:\/\/romanianimportexport.com\/index.php\/wp-json\/wp\/v2\/pages\/410\/revisions"}],"predecessor-version":[{"id":415,"href":"https:\/\/romanianimportexport.com\/index.php\/wp-json\/wp\/v2\/pages\/410\/revisions\/415"}],"wp:attachment":[{"href":"https:\/\/romanianimportexport.com\/index.php\/wp-json\/wp\/v2\/media?parent=410"}],"curies":[{"name":"wp","href":"https:\/\/api.w.org\/{rel}","templated":true}]}}