{"id":482,"date":"2020-02-28T17:34:56","date_gmt":"2020-02-28T17:34:56","guid":{"rendered":"http:\/\/www.romanianimportexport.com\/?page_id=482"},"modified":"2020-02-28T17:34:56","modified_gmt":"2020-02-28T17:34:56","slug":"metode","status":"publish","type":"page","link":"https:\/\/romanianimportexport.com\/index.php\/metode\/","title":{"rendered":"Metode de trimitere colete SUA &#8211; Europa"},"content":{"rendered":"<p><strong>Cele mai ieftine \u0219i eficente metode de a livra un colet din S.U.A. c\u0103tre Europa<\/strong><\/p>\n<p>\u00cen zilele noastre, prin intermediul internetului, se pot face orice fel de cump\u0103r\u0103turi din orice loc de pe glob.  Astfel, orice articole dorite sunt mai u\u0219or de achizi\u021bionat \u0219i mai accesibile ca niciodat\u0103. Din ce \u00een ce mai mul\u021bi oameni prefer\u0103 s\u0103 fac\u0103 cump\u0103r\u0103turi online, dec\u00e2t s\u0103 cutreiere prin magazine sau supermarketuri. Tehnologia avanseaz\u0103 tot mai mult \u0219i via\u021ba oamenilor devine din ce \u00een ce mai u\u0219oar\u0103, deoarece mereu se g\u0103sesc solu\u021bii pentru orice problem\u0103.<\/p>\n<p>Dac\u0103 achizi\u021bionarea oric\u0103rui obiect, indiferent de dimensiune, poate fi realizat\u0103 de oriunde de pe glob \u0219i de c\u0103tre oricine, singurul inconvenient ar fi transportul c\u0103tre loca\u021bia dumneavoastr\u0103. P\u00e2n\u0103 acum c\u00e2\u021biva ani, existau foarte pu\u021bine metode de transport interna\u021bional rentabile pentru consumatori, dar datorit\u0103 cererilor masive de articole ale clien\u021bilor din Europa, au \u00eenceput s\u0103 apar\u0103 astfel de prestatori de servicii de curierat, care ofer\u0103 metode alternative de livrare colete, mai ieftine \u0219i mai eficiente. <\/p>\n<p><strong>Care sunt cele mai scumpe \u0219i ineficiente metode de expediere a coletelor din S.U.A. c\u0103tre Europa  <\/strong><\/p>\n<p>Dac\u0103 v\u0103 g\u00e2ndi\u021bi c\u0103 cel mai rentabil serviciu de expediere a coletelor c\u0103tre o \u021bar\u0103 din Europa este Servicul Po\u0219tal al S.U.A., trebuie s\u0103 afla\u021bi c\u0103 nu este a\u0219a. De\u0219i \u00een urma unei c\u0103ut\u0103ri pe Google ve\u021bi g\u0103si imediat rezultate care v\u0103 pot face s\u0103 crede\u021bi c\u0103 Serviciul Po\u0219tal al Statelor Unite (USPS) are cele mai mici pre\u021buri pentru a v\u0103 livra articolele grele, nu este adev\u0103rat. USPS este \u00eentr-adev\u0103r cel mai ieftin mod de expediere a coletelor, dar doar pe teritoriul Americii. Pentru un transport relativ ieftin al obiectelor de mari dimensiuni numai pe continentul Americii exist\u0103 de asemenea FedEX sau UPS.<\/p>\n<p>  Ceea ce trebuie s\u0103 \u0219ti\u021bi despre USPS \u00een cazul \u00een care dori\u021bi s\u0103 expedia\u021bi colete mici sau de mari dimensiuni din S.U.A. c\u0103tre Europa:<\/p>\n<p>&#8211;\tPre\u021burile pentru transport sunt diferite de la \u021bar\u0103 la \u021bar\u0103<\/p>\n<p>&#8211;\tPre\u021burile pot fluctua \u00een func\u021bie de greutatea, lungimea articolului \u0219i de perioada dorit\u0103 de expediere <\/p>\n<p>&#8211;\tPre\u021burile vor suferi schimb\u0103ri \u00een cazul \u00een care  articolul este expediat direct \u00een \u021bara destinat\u0103 sau dac\u0103 acesta este expediat \u0219i cu alte articole care fac escale \u00een timpul transportului<\/p>\n<p>&#8211;\tProgramul Media Mail livreaz\u0103 materiale educa\u021bionale, dar are restric\u021bii \u00een ceea ce prive\u0219te anumite tipuri de c\u0103r\u021bi \u0219i articole care pot fi expediate<\/p>\n<p>\u00cen concluzie, alege\u021bi \u00eentotdeauna cu \u00een\u021belepciune firma de transport, \u00een momentul \u00een care achizi\u021biona\u021bi \u00een mediul virtual un articol mic, mare sau greu, pe care dori\u021bi s\u0103-l primi\u021bi din S.U.A. \u00een Europa.<\/p>\n<p><strong>Care sunt cele mai ieftine \u0219i eficiente metode de expediere a coletelor din S.U.A. c\u0103tre Europa  <\/strong><\/p>\n<p>Cele mai ieftine \u0219i eficiente modalit\u0103\u021bi de a expedia colete de orice dimensiune sau greutate din S.U.A. c\u0103tre o \u021bar\u0103 european\u0103 sau invers le g\u0103si\u021bi aici:<\/p>\n<p>\u2022\t<a href=\"http:\/\/ishiptoeurope.com\">I SHIP TO EUROPE<\/a><\/p>\n<p>\u2022\t<a href=\"http:\/\/romanianimportexport.com\">Romanian American Import Export<\/a><\/p>\n<p>Pe cele dou\u0103 site-uri, mai sus men\u021bionate, toate barierele legate de transportul interna\u021bional al coletelor dumneavoastr\u0103 sunt eliminate. Au cele mai ieftine, eficiente \u0219i de calitate metode de expediere \u00eentre S.U.A. \u0219i Europa \u0219i invers. <\/p>\n<p><strong>Avantajele pe care le ofer\u0103 <a href=\"http:\/\/ishiptoeurope.com\">I SHIP TO EUROPE<\/a> \u0219i <a href=\"http:\/\/romanianimportexport.com\">Romanian American Import Export<\/a><\/strong><\/p>\n<p>\uf0fc\tAu vaste cuno\u015ftin\u0163e locale \u0219i europene, ceea ce constituie un real avantaj competitiv, esen\u021bial \u00een a combina transportul terestru, feroviar \u0219i rutier cu cel naval, pentru performan\u0163e optime de livrare<\/p>\n<p>\uf0fc\tExpediaz\u0103 colete \u00een peste 30 de \u021b\u0103ri europene, precum: Austria, Belgia, Bulgaria, Belarus, Croa\u021bia, Cehia, Danemarca, Estonia, Finlanda, Fran\u021ba, Germania, Grecia, Ungaria, Irlanda, Italia, Letonia, Lituania, Luxembourg, Moldova, Olanda, Norvegia, Polonia, Portugalia, Rom\u00e2nia, Russia , Slovcia, Slovenia, Spania, Suedia, Elve\u021bia, United Kindom, Ucraina, Uzbekistan<\/p>\n<p>\uf0fc\tOfer\u0103 consulta\u021b\u0103 \u0219i estimare gratuit\u0103 \u0219i prezentarea celor mai bune \u0219i posibile tarife de transport interna\u021bional <\/p>\n<p>\uf0fc\tPrimesc colete comandate de tine de pe orice site din America \u0219i le trimit mai departe via: UPS,USPS, FedEx, US Mail la adresa dorit\u0103 din Rom\u00e2nia sau la orice alt\u0103 adres\u0103 din Europa<\/p>\n<p>\uf0fc\tPre\u021buri avantajoase pentru cump\u0103r\u0103tori, v\u00e2nz\u0103tori \u0219i expeditori<\/p>\n<p>\uf0fc\tToate costurile expedierilor sunt prezentate \u00een avans, inclusiv includerea tuturor taxelor. Nu exist\u0103 nici un fel de taxe surpriz\u0103 \u00een plus<\/p>\n<p>\uf0fc\tTransport rapid \u0219i \u00een siguran\u021b\u0103 de 100% al oric\u0103rui obiect sau articol de uz casnic, mobilier, containere de marf\u0103, m\u0103rfuri comerciale, produse alimentare, marf\u0103 grea, motociclete, ma\u0219ini, camioane, autobuze, b\u0103rci \u0219i multe altele, dar \u0219i sume considerabile de bani<\/p>\n<p>\uf0fc\tOfer\u0103 livrare s\u0103pt\u0103m\u00e2nal\u0103 \u0219i livrare din u\u0219\u0103 \u00een u\u0219\u0103<\/p>\n<p>\uf0fc\tOfer\u0103 asigurare pentru orice transport \u0219i num\u0103r de urm\u0103rire al tuturor coletelor<\/p>\n<p>\uf0fc\tOfer\u0103 o gam\u0103 complet\u0103 de solu\u021bii personalizate de la cutii sau containere de transport expres dedicate exclusiv ma\u0219inilor de transport p\u00e2n\u0103 la repatrieri<\/p>\n<p>\uf0fc\t Desc\u0103rcarea \u0219i \u00eenc\u0103rcarea coletelor \u0219i containerelor este efectuat\u0103 numai de personal calificat<\/p>\n<p>\uf0fc\tContainerele de transport pot fi verificate zilnic cu o eroare minim\u0103 de loca\u021bie<\/p>\n<p><strong>8 pa\u0219i simpli pentru a trimite pachete \u00een Europa<\/strong><\/p>\n<p>1.\tVerifica\u021bi ce fel de cutii ave\u021bi nevoie pentru articole pe care dori\u021bi s\u0103 le expedia\u021bi. Este recomandat pentru  articolele fragile s\u0103 fie \u00eempachetate \u00eentr-o cutie de plastic. <\/p>\n<p>2.\t\u00cempachetarea articolelor s\u0103 se fac\u0103 c\u00e2t mai bine \u0219i pe c\u00e2t posibil s\u0103 \u00eencerca\u021bi s\u0103 evita\u021bi l\u0103sarea de spa\u021bii goale \u00een interiorul cutiei. Pentru spa\u021biile libere pute\u021bi utiliza material de amortizare corespunz\u0103tor, cum ar fi h\u00e2rtie, \u00eenveli\u0219 din plastic cu bule sau polistiren, pentru a \u00eempiedica mi\u0219carea con\u021binutului \u0219i pentru a asigura o protec\u021bie suficient\u0103. <\/p>\n<p>3.\tIzola\u021bi c\u00e2t mai bine pachetul cu scotch sau cu plastic de ambalare \u00een partea de sus \u0219i de jos a acestuia. <\/p>\n<p>4.\tGreutatea pachetului este bine s\u0103 nu dep\u0103\u0219easc\u0103 30 kg, deoarece orice kilogram \u00een plus va fi taxat suplimentar. <\/p>\n<p>5.\tAduce\u021bi pachetul la noi, asigura\u021bi-v\u0103 c\u0103 ne comunica\u021bi c\u00e2t mai exact ce con\u021bine acesta. Pentru fiecare colet va fi inclus\u0103 o asigurare gratuit\u0103 de 100 USD , iar la cerere pentru articolele valoroase se va percepe 5% din valoarea articolului.<\/p>\n<p>6.\tOferi\u021bi datele necesare de identificare ale expeditorului \u0219i destinatarului: nume, prenume, adres\u0103, num\u0103r de telefon, e-mail.<\/p>\n<p>7.\tSemna\u021bi chitan\u021ba \u0219i primi\u021bi o copie a acesteia \u00eempreun\u0103 cu num\u0103rul de urm\u0103rire al coletelor dumneavoastr\u0103. <\/p>\n<p>8.\tA\u0219tepta\u021bi livrarea cutiei \u00een fa\u021ba casei, la destina\u021bie, \u00een timpul scontat. <\/p>\n<p>Pentru mai multe informa\u021bii necesare despre cum s\u0103 expedia\u021bi un colet, indiferent de dimensiunea sau valoarea acestuia, la nivel interna\u021bional, contacta\u021bi cu \u00eencredere firmele mai sus men\u021bionate.<\/p>\n<p>Acum pute\u021bi s\u0103 v\u0103 surprinde\u021bi \u00een mod pl\u0103cut persoanele dragi cu pachete trimise rapid \u0219i sigur de peste ocean!<\/p>\n","protected":false},"excerpt":{"rendered":"<p>Cele mai ieftine \u0219i eficente metode de a livra un colet din S.U.A. c\u0103tre Europa<br \/>\n\u00cen zilele noastre, prin intermediul internetului, se pot face orice fel de cump\u0103r\u0103turi din orice loc de pe glob.  Astfel, orice articole dorite sunt mai u\u0219or de achizi\u021bionat \u0219i mai accesibile ca niciodat\u0103. Din ce \u00een ce mai mul\u021bi oameni prefer\u0103 s\u0103 fac\u0103 cump\u0103r\u0103turi online, dec\u00e2t s\u0103 cutreiere prin magazine sau supermarketuri. Tehnologia avanseaz\u0103 tot mai mult \u0219i via\u021ba oamenilor devine din ce \u00een ce mai u\u0219oar\u0103, deoarece mereu se g\u0103sesc solu\u021bii pentru orice problem\u0103.<br \/>\nDac\u0103 &#8230;<\/p>\n","protected":false},"author":2,"featured_media":0,"parent":0,"menu_order":0,"comment_status":"closed","ping_status":"closed","template":"","meta":[],"_links":{"self":[{"href":"https:\/\/romanianimportexport.com\/index.php\/wp-json\/wp\/v2\/pages\/482"}],"collection":[{"href":"https:\/\/romanianimportexport.com\/index.php\/wp-json\/wp\/v2\/pages"}],"about":[{"href":"https:\/\/romanianimportexport.com\/index.php\/wp-json\/wp\/v2\/types\/page"}],"author":[{"embeddable":true,"href":"https:\/\/romanianimportexport.com\/index.php\/wp-json\/wp\/v2\/users\/2"}],"replies":[{"embeddable":true,"href":"https:\/\/romanianimportexport.com\/index.php\/wp-json\/wp\/v2\/comments?post=482"}],"version-history":[{"count":1,"href":"https:\/\/romanianimportexport.com\/index.php\/wp-json\/wp\/v2\/pages\/482\/revisions"}],"predecessor-version":[{"id":483,"href":"https:\/\/romanianimportexport.com\/index.php\/wp-json\/wp\/v2\/pages\/482\/revisions\/483"}],"wp:attachment":[{"href":"https:\/\/romanianimportexport.com\/index.php\/wp-json\/wp\/v2\/media?parent=482"}],"curies":[{"name":"wp","href":"https:\/\/api.w.org\/{rel}","templated":true}]}}