{"id":490,"date":"2020-03-10T05:01:04","date_gmt":"2020-03-10T05:01:04","guid":{"rendered":"http:\/\/www.romanianimportexport.com\/?page_id=490"},"modified":"2020-03-10T05:01:04","modified_gmt":"2020-03-10T05:01:04","slug":"relocare-in-romania","status":"publish","type":"page","link":"https:\/\/romanianimportexport.com\/index.php\/relocare-in-romania\/","title":{"rendered":"Relocare in Romania"},"content":{"rendered":"<p><strong>Top sfaturi pentru o relocare ieftin\u0103 din S.U.A. \u00een Rom\u00e2nia<\/strong><\/p>\n<p>Oamenii care nu s-au mutat niciodat\u0103 din \u021bara natal\u0103 \u00een alt\u0103 \u021bar\u0103, nu au de unde s\u0103 \u0219tie ce implic\u0103 aceasta. De aceea, c\u00e2teva sfaturi utile pentru o mutare f\u0103r\u0103 surprize nepl\u0103cute, sunt mereu de ajutor. Relocarea \u00eentr-o \u021bar\u0103 complet nou\u0103 este un moment emo\u021bionant \u0219i palpitant, \u00eens\u0103 poate devi u\u0219or extrem de costisitoare.<\/p>\n<p>Tocmai c\u00e2nd credea\u021bi c\u0103 v-a\u021bi ocupat de un lucru, altceva poate s\u0103 apar\u0103 \u0219i s\u0103 v\u0103 dea planurile peste cap. Dac\u0103 nu sunte\u021bi aten\u021bi, lucruri precum transportul, vizele \u0219i zborurile v\u0103 pot crea ceva probleme, chiar \u00eenainte de a ajunge la destina\u021bie. <\/p>\n<p>Din fericire, compania Romanian American Import Export este cea mai potrivit\u0103 alegere, deoarece \u0219tie s\u0103 reduc\u0103 costurile de mutare \u0219i sunt \u00eenc\u00e2nta\u021bi s\u0103 v\u0103 \u00eemp\u0103rt\u0103\u0219easc\u0103 urm\u0103toarele sfaturi:<\/p>\n<p><strong>1.\tAlege\u021bi s\u0103 trasportan\u021bi marfa pe cale maritim\u0103, nu pe cale aerian\u0103<\/strong><\/p>\n<p>C\u00e2nd sunte\u021bi \u00een c\u0103utarea celui mai ieftin mod de a v\u0103 muta obiectele peste ocean, navele de containere ar trebui s\u0103 fie pe primul loc \u00een topul alegerilor. Potrivit B\u0103ncii Mondiale, transportul maritim este \u00eentre 12 \u0219i 16 ori mai ieftin dec\u00e2t transportul aerian. <\/p>\n<p><strong>2.\tAcorda\u021bi timp \u00eenainte de a lua decizii<\/strong><\/p>\n<p>Timpul este cea mai important\u0103 marf\u0103 a umanit\u0103\u021bii, a\u0219a c\u0103 nu-l pierde\u021bi poticn\u00e2ndu-v\u0103  \u00eentr-o panic\u0103 de ultim moment. <\/p>\n<p>Informa\u021bi-v\u0103 de tot ceea ce are leg\u0103tur\u0103 cu mutarea dumneavoastr\u0103. Dup\u0103 ce \u0219ti\u021bi unde \u0219i c\u00e2nd v\u0103 duce\u021bi, nimic nu v\u0103 \u00eempiedic\u0103 s\u0103 stabili\u021bi o dat\u0103 pentru expedierea bunurilor dumneavoastr\u0103. <\/p>\n<p>\u00cencepe\u021bi s\u0103  contacta\u021bi companiile de transport maritim cu cel pu\u021bin trei sau patru luni \u00eenainte de data planificat\u0103 pentru mutare.<\/p>\n<p>    <strong>  3. Compara\u021bi ofertele de transport<\/strong><\/p>\n<p>Exist\u0103 multe companii de transport maritim care opereaz\u0103 pe aproape fiecare rut\u0103 din lume, ceea ce \u00eenseamn\u0103 c\u0103 ave\u021bi de unde alege. Este important s\u0103 lua\u021bi \u00een considerare op\u021biunile dumneavoastr\u0103, \u00eenainte de a merge cu primul expeditor de marf\u0103 pe care \u00eel g\u0103si\u021bi.<\/p>\n<p>Asigura\u021bi-v\u0103 c\u0103 cere\u021bi o ofert\u0103 complet\u0103, deoarece companiile de transport maritim pot oferi o gam\u0103 larg\u0103 de servicii, inclusiv ambalarea sau despachetarea profesional\u0103, acoperirea asigur\u0103rii \u0219i livrarea complet\u0103 din u\u0219\u0103 \u00een u\u0219\u0103. De exemplu, Romanian Import Export ofer\u0103 discount la cantit\u0103\u021bi mari (\u00een intervalul 20-66lbs) \u0219i ofer\u0103 \u0219i container pentru transport.<\/p>\n<p><strong>4. Cump\u0103ra\u021bi bilete de avion exact \u00een momentul potrivit<\/strong><\/p>\n<p>\u00cen timp ce marfa dumneavoastr\u0103 este transportat\u0103 pe ap\u0103 c\u0103tre noua cas\u0103, presupun c\u0103 dumneavoastr\u0103 ve\u021bi zbura acolo. <\/p>\n<p>&#8211;\tCump\u0103ra\u021bi bilete \u00een avans cu \u0219apte s\u0103pt\u0103m\u00e2ni pentru zboruri de scurt\u0103 durat\u0103<\/p>\n<p>&#8211;\tCump\u0103ra\u021bi bilete \u00een avans cu optsprezece s\u0103pt\u0103m\u00e2ni pentru zboruri cu curs\u0103 lung\u0103<\/p>\n<p>&#8211;\tMajoritatea companiilor aeriene recomand\u0103 duminica ca cea mai bun\u0103 zi a s\u0103pt\u0103m\u00e2nii pentru a v\u0103 rezerva biletele de avion. <\/p>\n<p><strong>5. Vinde\u021bi lucrurile de care nu ave\u021bi nevoie<\/strong><\/p>\n<p>C\u00e2nd v\u0103 muta\u021bi \u00eentr-o \u021bar\u0103 nou\u0103, ar trebui s\u0103 lua\u021bi jum\u0103tate din lucrurile de care crede\u021bi c\u0103 ve\u021bi avea nevoie.  Selec\u021bia este simpl\u0103: alege\u021bi ceva ce de\u021bine\u021bi \u00een prezent \u0219i \u00eencearca\u021bi s\u0103 v\u0103 imagina\u021bi via\u021ba f\u0103r\u0103 acel obiect. Dac\u0103 vi se pare ok, nu ave\u021bi nevoie, deci pute\u021bi s\u0103 \u00eel vinde\u021bi. Astfel ve\u021bi mic\u0219ora costurile \u00een ceea ce prive\u0219te transportul \u0219i ve\u021bi face \u0219i ceva bani \u00een plus. <\/p>\n<p>Sper\u0103m c\u0103 aceste sfaturi v-au fost de folos, iar \u00een cazul \u00een care dori\u021bi mai multe detalii, ne pute\u021bi contacta \u0219i v\u0103 vom ajuta cu drag.<\/p>\n","protected":false},"excerpt":{"rendered":"<p>Top sfaturi pentru o relocare ieftin\u0103 din S.U.A. \u00een Rom\u00e2nia<br \/>\nOamenii care nu s-au mutat niciodat\u0103 din \u021bara natal\u0103 \u00een alt\u0103 \u021bar\u0103, nu au de unde s\u0103 \u0219tie ce implic\u0103 aceasta. De aceea, c\u00e2teva sfaturi utile pentru o mutare f\u0103r\u0103 surprize nepl\u0103cute, sunt mereu de ajutor. Relocarea \u00eentr-o \u021bar\u0103 complet nou\u0103 este un moment emo\u021bionant \u0219i palpitant, \u00eens\u0103 poate devi u\u0219or extrem de costisitoare.<br \/>\nTocmai c\u00e2nd credea\u021bi c\u0103 v-a\u021bi ocupat de un lucru, altceva poate s\u0103 apar\u0103 \u0219i s\u0103 v\u0103 dea planurile peste cap. Dac\u0103 nu sunte\u021bi aten\u021bi, lucruri precum transportul, vizele &#8230;<\/p>\n","protected":false},"author":2,"featured_media":0,"parent":0,"menu_order":0,"comment_status":"closed","ping_status":"closed","template":"","meta":[],"_links":{"self":[{"href":"https:\/\/romanianimportexport.com\/index.php\/wp-json\/wp\/v2\/pages\/490"}],"collection":[{"href":"https:\/\/romanianimportexport.com\/index.php\/wp-json\/wp\/v2\/pages"}],"about":[{"href":"https:\/\/romanianimportexport.com\/index.php\/wp-json\/wp\/v2\/types\/page"}],"author":[{"embeddable":true,"href":"https:\/\/romanianimportexport.com\/index.php\/wp-json\/wp\/v2\/users\/2"}],"replies":[{"embeddable":true,"href":"https:\/\/romanianimportexport.com\/index.php\/wp-json\/wp\/v2\/comments?post=490"}],"version-history":[{"count":1,"href":"https:\/\/romanianimportexport.com\/index.php\/wp-json\/wp\/v2\/pages\/490\/revisions"}],"predecessor-version":[{"id":491,"href":"https:\/\/romanianimportexport.com\/index.php\/wp-json\/wp\/v2\/pages\/490\/revisions\/491"}],"wp:attachment":[{"href":"https:\/\/romanianimportexport.com\/index.php\/wp-json\/wp\/v2\/media?parent=490"}],"curies":[{"name":"wp","href":"https:\/\/api.w.org\/{rel}","templated":true}]}}